{"id":704,"date":"2023-05-19T12:20:03","date_gmt":"2023-05-19T12:20:03","guid":{"rendered":"https:\/\/sitia-geopark.gr\/?page_id=704"},"modified":"2024-09-15T07:28:39","modified_gmt":"2024-09-15T07:28:39","slug":"bibliography-research-material","status":"publish","type":"page","link":"https:\/\/sitia-geopark.gr\/?page_id=704","title":{"rendered":"\u0392\u03b9\u03b2\u03bb\u03b9\u03bf\u03b3\u03c1\u03b1\u03c6\u03af\u03b1 &#8211; \u0395\u03c1\u03b5\u03c5\u03bd\u03b7\u03c4\u03b9\u03ba\u03cc \u03c5\u03bb\u03b9\u03ba\u03cc"},"content":{"rendered":"\t\t<div data-elementor-type=\"wp-post\" data-elementor-id=\"704\" class=\"elementor elementor-704\">\n\t\t\t\t\t\t\t\t\t<section class=\"elementor-section elementor-top-section elementor-element elementor-element-201f426 elementor-section-boxed elementor-section-height-default elementor-section-height-default\" data-id=\"201f426\" data-element_type=\"section\">\n\t\t\t\t\t\t<div class=\"elementor-container elementor-column-gap-default\">\n\t\t\t\t\t<div class=\"elementor-column elementor-col-100 elementor-top-column elementor-element elementor-element-639eb84\" data-id=\"639eb84\" data-element_type=\"column\">\n\t\t\t<div class=\"elementor-widget-wrap elementor-element-populated\">\n\t\t\t\t\t\t\t\t<div class=\"elementor-element elementor-element-75e76d8 elementor-widget elementor-widget-text-editor\" data-id=\"75e76d8\" data-element_type=\"widget\" data-widget_type=\"text-editor.default\">\n\t\t\t\t<div class=\"elementor-widget-container\">\n\t\t\t<style>\/*! elementor - v3.17.0 - 08-11-2023 *\/\n.elementor-widget-text-editor.elementor-drop-cap-view-stacked .elementor-drop-cap{background-color:#69727d;color:#fff}.elementor-widget-text-editor.elementor-drop-cap-view-framed .elementor-drop-cap{color:#69727d;border:3px solid;background-color:transparent}.elementor-widget-text-editor:not(.elementor-drop-cap-view-default) .elementor-drop-cap{margin-top:8px}.elementor-widget-text-editor:not(.elementor-drop-cap-view-default) .elementor-drop-cap-letter{width:1em;height:1em}.elementor-widget-text-editor .elementor-drop-cap{float:left;text-align:center;line-height:1;font-size:50px}.elementor-widget-text-editor .elementor-drop-cap-letter{display:inline-block}<\/style>\t\t\t\t<p><b>Blamey M. &amp; Grey-Wilson C., 1993<\/b><span style=\"font-weight: 400;\">. <\/span><i><span style=\"font-weight: 400;\">Wild Flowers of the Mediterranean<\/span><\/i><span style=\"font-weight: 400;\">. Harper Collins. Great Britain. 560 pages.\u00a0<\/span><\/p><p><b>Bonneau M. &amp; Zambetakis A. (1975)<\/b><span style=\"font-weight: 400;\">.<\/span><i><span style=\"font-weight: 400;\"> La s\u00e9rie de Mangassa de la Cr\u00e8te orientale : une klippe d&#8217;origine pindique externe<\/span><\/i><span style=\"font-weight: 400;\">, C. R. Ac. Sci Paris, t.281, p. 17-19.<\/span><\/p><p><b>Caputo R., Catalano S., Monaco C., Romagnoli G., Tortorici G., Tortorici L. (2010)<\/b><span style=\"font-weight: 400;\">. <\/span><i><span style=\"font-weight: 400;\">Active faulting on the island of Crete (Greece)<\/span><\/i><span style=\"font-weight: 400;\">, Geophysical Journal International, Volume 183, Issue 1, Pages 111\u2013126<\/span><\/p><p><b>Creutzburg, N., Drooger, C.W., Meulenkamp, J.E., Papastamatiou, J., Seidel, E. &amp; Tataris A., (1977)<\/b><span style=\"font-weight: 400;\">. <\/span><i><span style=\"font-weight: 400;\">Geological map of Crete (1:200.000)<\/span><\/i><span style=\"font-weight: 400;\">. IGME, Athens\u00a0<\/span><\/p><p><b>Dermitzakis M. (1994)<\/b><span style=\"font-weight: 400;\">. <\/span><i><span style=\"font-weight: 400;\">Late cenozoic paleogeography and faunal succession of mammals in Greece<\/span><\/i><span style=\"font-weight: 400;\">, Bulletin of the Hellenic Speleological Society, XXI, 5th International Congress, Athens &#8211; Crete, 7-11\/11\/1944 &#8220;Development, Evolution and Environment of Caves&#8221;<\/span><\/p><p><b>Dermitzakis M &amp; Papanikolaou D<\/b><span style=\"font-weight: 400;\">. (1981). <\/span><i><span style=\"font-weight: 400;\">Paleogeography and geodynamics of the Aegean region during the Neogene<\/span><\/i><span style=\"font-weight: 400;\">. Ann. Geol. De Pays Hellen., Hors., 3: 246-290.\u00a0<\/span><\/p><p><b>Drandaki \u2013 Theodosiou I., Nakov R., Wimblendon, W.A.P,\u2026.&amp; Mijovic D<\/b><span style=\"font-weight: 400;\">. (2004): IUGS <\/span><i><span style=\"font-weight: 400;\">Geosites project progress- A first attempt at a common framework list for south-eastern European Countries<\/span><\/i><span style=\"font-weight: 400;\">. In: Parkes. M.A. (ed) \u00abNatural and Cultural Landscapes: the geological foundation\u00bb, Royal Irish Academy, Dublin, 81-89\u00a0<\/span><\/p><p><b>Dretaki,A., Chatzipetros A., Psomadakis S. (2022)<\/b><span style=\"font-weight: 400;\">. <\/span><i><span style=\"font-weight: 400;\">Site effects and surface deformation associated with the M 6.3 Sitia (eastern Crete) earthquake of October 12, 2021<\/span><\/i><span style=\"font-weight: 400;\">, Bulletin of the Geological Society of Greece, Sp. Publ. 10, 16th International Congress of the Geological Society of Greece 23-25 May, 2022 &#8211; Patras, Greece<\/span><\/p><p><b>D\u00f6rr W., Zulauf G., Gerdes A., Lahaye Y., Kowalczyk G. (2015) <\/b><i><span style=\"font-weight: 400;\">A hidden Tonian basement in the eastern Mediterranean: Age constraints from U\u2013Pb data of magmatic and detrital zircons of the External Hellenides (Crete and Peloponnesus)<\/span><\/i><span style=\"font-weight: 400;\">,<\/span><\/p><p><span style=\"font-weight: 400;\">Precambrian Research Vol.258,p.83-108, ISSN 0301-9268<\/span><\/p><p><b>Fassoulas, C. (2001)<\/b><span style=\"font-weight: 400;\">. <\/span><i><span style=\"font-weight: 400;\">Field Guide to the Geology of Crete<\/span><\/i><span style=\"font-weight: 400;\">, Natural History Museum of Crete Publ., Heraklion, pp.104.\u00a0<\/span><\/p><p><b>Fassoulas C. &amp; Staridas S. (2012a)<\/b><span style=\"font-weight: 400;\">. <\/span><i><span style=\"font-weight: 400;\">Peculiar Tafoni Structures at Sitia Nature Park: A preliminary study<\/span><\/i><span style=\"font-weight: 400;\">. In:11th European Geoparks Conference, Proc. V. 105- 106pp. Aruca, Portugal.\u00a0<\/span><\/p><p><b>Fassoulas C. &amp; Staridas S. (2012b)<\/b><span style=\"font-weight: 400;\">. <\/span><i><span style=\"font-weight: 400;\">The use of modern technologies in assessing geotopes and developing management plans in geoparks: the case of Sitia Nature Park<\/span><\/i><span style=\"font-weight: 400;\">. In:11th European Geoparks Conference, Proc. V. 107-108pp. Aruca, Portugal.\u00a0<\/span><\/p><p><b>Fassoulas C., Paragamian K. &amp; Iliopoulos G. (2007)<\/b><span style=\"font-weight: 400;\">. <\/span><i><span style=\"font-weight: 400;\">Identification and assessment of Cretan geotopes<\/span><\/i><span style=\"font-weight: 400;\">, Bull Geol. Soc. Greece. XXXVII, 1780 \u2013 1795 35.\u00a0<\/span><\/p><p><b>Fassoulas C., Mouriki D., Dimitriou-Nikolakis P. &amp; Iliopoulos G. (2012)<\/b><span style=\"font-weight: 400;\">. <\/span><i><span style=\"font-weight: 400;\">Quantitative assessment of geotopes as an effective tool for geoheritage management<\/span><\/i><span style=\"font-weight: 400;\">. GEOHERITAGE, DOI 10.1007\/s12371-011-0046-9\u00a0<\/span><\/p><p><b>Fassoulas C., Perakis V., Mavrokosta C. &amp; Staridas S. (2012)<\/b><span style=\"font-weight: 400;\">. <\/span><i><span style=\"font-weight: 400;\">The beauty of far East: Sitia Nature Park<\/span><\/i><span style=\"font-weight: 400;\">. In:11th European Geoparks Conference, Proc. V. 109-110pp. Aruca, Portugal.\u00a0<\/span><\/p><p><b>Fassoulas C., Staridas S., Perakis V. &amp; Mavrokosta C. (2013)<\/b><span style=\"font-weight: 400;\">. <\/span><i><span style=\"font-weight: 400;\">Developing a geopark at the easternmost end of Crete: Sitia Nature Park<\/span><\/i><span style=\"font-weight: 400;\">. In:12th European Geoparks Conference, Proc. V. 64-69-63pp. Cilento and Vallo di Diano, Italy.\u00a0<\/span><\/p><p><b>Fassoulas C., Staridas S., Perakis V. &amp; Mavrokosta C. (2013)<\/b><span style=\"font-weight: 400;\">. <\/span><i><span style=\"font-weight: 400;\">Revealing the geoheritage of eastern Crete through the development of Sitia Geopark, Crete, Greece<\/span><\/i><span style=\"font-weight: 400;\">. Bull Geol. Soc. Greece, XLVII<\/span><\/p><p><b>Faure, P. (1996)<\/b><span style=\"font-weight: 400;\">. <\/span><i><span style=\"font-weight: 400;\">Sacred caves of Crete<\/span><\/i><span style=\"font-weight: 400;\">. Heraklion 258pp\u00a0<\/span><\/p><p><b>Fytrolakis N. (1980)<\/b><span style=\"font-weight: 400;\">. <\/span><i><span style=\"font-weight: 400;\">Geological structure of Crete<\/span><\/i><span style=\"font-weight: 400;\">. Phd thesis, Athens, 148p.\u00a0<\/span><\/p><p><b>Karandinos M. &amp; Legakis A. (1992)<\/b><span style=\"font-weight: 400;\">. <\/span><i><span style=\"font-weight: 400;\">The Red Book of threatened vertebrates of Greece. Hellenic Zoologoc Society and Hellenic Ornithological Society<\/span><\/i><span style=\"font-weight: 400;\">. Athens (In Greek).<\/span><\/p><p><b>Kuss, S.E. (1980)<\/b><span style=\"font-weight: 400;\">. <\/span><i><span style=\"font-weight: 400;\">F\u00fchrer Zur Kreta-Exkursion<\/span><\/i><span style=\"font-weight: 400;\">, des Geologisch-Pal\u00e4ontologischen Institutes der Universit\u00e4t Freiburg\/BR, pp. 51.\u00a0<\/span><\/p><p><b>Manoutsoglou E., Vachlas G., Panagopoulos G., Hamdan H. (2010)<\/b><span style=\"font-weight: 400;\">. <\/span><i><span style=\"font-weight: 400;\">Delineation of gypsum\/anhydrite transition zone using electrical tomography. A case study in an active open pit, Altsi, Crete, Greece<\/span><\/i><span style=\"font-weight: 400;\">, Journal of the Balkan Geophysical Society vol. 13, p. 21-28<\/span><\/p><p><b>Mechernich S., Reicherter K., Deligiannakis G., Papanikolaou I. (2022)<\/b><span style=\"font-weight: 400;\">. <\/span><i><span style=\"font-weight: 400;\">Tectonic geomorphology of active faults in Eastern Crete (Greece) with slip rates and earthquake history from cosmogenic <\/span><\/i><i><span style=\"font-weight: 400;\">36<\/span><\/i><i><span style=\"font-weight: 400;\">Cl dating of the Lastros and Orno faults<\/span><\/i><span style=\"font-weight: 400;\">, Quaternary International, ISSN 1040-6182<\/span><\/p><p><b>Meulenkamp, J.E., Dermitzakis, M., GeorgiadouDikaioulia, E., Jonkers, H.A. &amp; Boeger, H. (1979)<\/b><span style=\"font-weight: 400;\">. <\/span><i><span style=\"font-weight: 400;\">Field guide to the neogene of Crete<\/span><\/i><span style=\"font-weight: 400;\">. Publications of the department of Geology &amp; Paleontology, University of Athens, series A., N. 32, pp.32.\u00a0<\/span><\/p><p><b>Nicol A., Mouslopoulou V., Begg J., Oncken O. (2020)<\/b><span style=\"font-weight: 400;\">. <\/span><i><span style=\"font-weight: 400;\">Displacement accumulation and sampling of paleoearthquakes on active normal faults of Crete in the eastern Mediterranean. Geochemistry<\/span><\/i><span style=\"font-weight: 400;\">, Geophysics, Geosystems, 21, e2020GC009265<\/span><\/p><p><b>Papanikolaou D., Vassilakis E. (2008)<\/b><span style=\"font-weight: 400;\">. <\/span><i><span style=\"font-weight: 400;\">Middle Miocene E-W tectonic horst structure of Crete through extensional detachment faults<\/span><\/i><span style=\"font-weight: 400;\">, IOP Conference Series: Earth and Environmental Science 2, 012003<\/span><\/p><p><b>Perakis V., Ikonomakis M., Mavrokosta C. and Fassoulas C. (2011)<\/b><span style=\"font-weight: 400;\">. <\/span><i><span style=\"font-weight: 400;\">The Karstic area of Itanos: A project for the development of an aspiring geopark in Crete, Greece<\/span><\/i><span style=\"font-weight: 400;\">. In: 10th Int. European Geoparks Conference, 16-18\/9\/2011, Gea Norvegica Geopark, Norway.\u00a0<\/span><\/p><p><b>Platakis E. (1975)<\/b><span style=\"font-weight: 400;\">. <\/span><i><span style=\"font-weight: 400;\">Caves and other karstic structures of Crete<\/span><\/i><span style=\"font-weight: 400;\">. Vol. A &amp; B. Heraklion\u00a0<\/span><\/p><p><b>Poulakakis, N., Lymberakis, P., Fassoulas, C. (2005)<\/b><span style=\"font-weight: 400;\">. <\/span><i><span style=\"font-weight: 400;\">A Deinotherium giganteum KAUP, 1829 (Proboscidea, Deinotheriidae) from the middle Miocene of Siteia (East Crete, Greece)<\/span><\/i><span style=\"font-weight: 400;\">. Journal of Vertebrate Paleontology 25(3), 732\u2013736.\u00a0<\/span><\/p><p><b>Spanelli V &amp; Lyberakis P. (2014)<\/b><span style=\"font-weight: 400;\">. <\/span><i><span style=\"font-weight: 400;\">First record of Stellagama Stellio (Linnaeus, 1758) from Crete, Greece<\/span><\/i><span style=\"font-weight: 400;\">. Herpetology Notes, 7, 367-369.\u00a0<\/span><\/p><p><b>Stampfli G.<\/b> <i><span style=\"font-weight: 400;\">Stampfli Field Course &#8211;\u00a0 Tectonostratigraphy and Plate Tectonics of Crete, Greece<\/span><\/i><span style=\"font-weight: 400;\">, Universite de Lausanne<\/span><\/p><p><b>Stampfli G., Vavassis I., de Bono A., Rosselet F., Boris M., Bellini M. (2003)<\/b><span style=\"font-weight: 400;\">. <\/span><i><span style=\"font-weight: 400;\">Remnants of the Paleotethys oceanic suture-zone in the western Tethyan area<\/span><\/i><span style=\"font-weight: 400;\">, Bol. Soc. Geol. It. vol. 2, p. 1-23<\/span><\/p><p><b>Strobl M., Hetzel R., Fassoulas C., &amp; Kubik P.W. (2014)<\/b><span style=\"font-weight: 400;\">. <\/span><i><span style=\"font-weight: 400;\">A long-term rock uplift rate for eastern Crete and geodynamic implications for the Hellenic subduction zone<\/span><\/i><span style=\"font-weight: 400;\">. J. of Geodynamics, 78, 21-31 (http:\/\/dx.doi. org\/10.1016\/j.jog.2014.04.002)\u00a0<\/span><\/p><p><b>Ten Veen J., Postma G. (2001)<\/b><span style=\"font-weight: 400;\">. <\/span><i><span style=\"font-weight: 400;\">Neogene tectonics and basin fill patterns in the Hellenic outer\u2010arc (Crete, Greece)<\/span><\/i><span style=\"font-weight: 400;\">. Basin Research, Volume 11, Issue 3, Sep 1999, p. 223 &#8211; 241<\/span><\/p><p><b>Turland N.J., Chilton L. and Press J.R., 1993<\/b><span style=\"font-weight: 400;\">. <\/span><i><span style=\"font-weight: 400;\">Flora of the Cretan area. Annotated checklist and atlas<\/span><\/i><span style=\"font-weight: 400;\">. The Natural History Museum of London. London. 440 pages.\u00a0<\/span><\/p><p><b>Valakos E., Pafilis P., Sotiropoulos K., Lymperakis P., Maragou P., Foufopoulos J., 2008<\/b><span style=\"font-weight: 400;\">. <\/span><i><span style=\"font-weight: 400;\">The Amphibians and Reptiles of Greece<\/span><\/i><span style=\"font-weight: 400;\">. Edition Chimaira. Frankfurt am Main. 463 pages.<\/span><\/p><p><b>Zambetakis &#8211; Lekkas A. (1977)<\/b><span style=\"font-weight: 400;\">. <\/span><i><span style=\"font-weight: 400;\">Contribution \u00e0 l&#8217;\u00e9tude g\u00e9ologique de l&#8217;\u00eele de Cr\u00e8te: Stratigraphie et Structure de la s\u00e9rie de Mangassa (Cr\u00e8te orientale, Gr\u00e8ce)<\/span><\/i><span style=\"font-weight: 400;\">, Th\u00e8se. Universit\u00e9 P. et M. Curie, Paris.<\/span><\/p><p><b>Zambetakis &#8211; Lekkas A. (1977)<\/b><span style=\"font-weight: 400;\">).<\/span><i><span style=\"font-weight: 400;\"> La s\u00e9rie de Mangassa. Stratigraphie, Pal\u00e9og\u00e9ographie, Tectonique<\/span><\/i><span style=\"font-weight: 400;\">, VI Coll. on the Geology of the Aegean region. Athens 1977. Proceedings, vol. I, p. 103 -109.<\/span><\/p><p><b>Zambetakis -lekkas A. &amp; Marcopoulou \u2013 Diacantoni A. (1977)<\/b><span style=\"font-weight: 400;\">. <\/span><i><span style=\"font-weight: 400;\">La s\u00e9rie de Mangassa et l&#8217;\u00e2ge de son flysch priabonien, d\u00e9termin\u00e9 par la pr\u00e9sence de Sismondia rosacea (LESKE)<\/span><\/i><span style=\"font-weight: 400;\">. Ann. Geol. Pays Hell., v. 28, 1976, p.191-198.<\/span><\/p><p><b>Zulauf G., D\u00f6rr W.,Fisher-Spurlock S.C., Gerdes A., Chatzaras V., Xypolias P. (2015)<\/b> <i><span style=\"font-weight: 400;\">Closure of the Paleotethys in the External Hellenides: Constraints from U\u2013Pb ages of magmatic and detrital zircons (Crete)<\/span><\/i><span style=\"font-weight: 400;\">, Gondwana Research, Vol.28, Issue 2, p.642-667, ISSN 1342-937X<\/span><\/p><p><b>Zulauf G. (2022)<\/b><span style=\"font-weight: 400;\">. <\/span><i><span style=\"font-weight: 400;\">The nappe pile of Crete: Records of orogenic activity since Precambrian times<\/span><\/i><span style=\"font-weight: 400;\">, Bulletin of the Geological Society of Greece, Sp. Publ. 10, 16th International Congress of the Geological Society of Greece 17-19 October, 2022 &#8211; Patras, Greece, pp. 17-18.<\/span><\/p>\t\t\t\t\t\t<\/div>\n\t\t\t\t<\/div>\n\t\t\t\t\t<\/div>\n\t\t<\/div>\n\t\t\t\t\t\t\t<\/div>\n\t\t<\/section>\n\t\t\t\t\t\t\t<\/div>\n\t\t","protected":false},"excerpt":{"rendered":"<p>Blamey M. &amp; Grey-Wilson C., 1993. Wild Flowers of the Mediterranean. Harper Collins. Great Britain. 560 pages.\u00a0 Bonneau M. &amp; Zambetakis A. (1975). La s\u00e9rie&hellip;<\/p>\n","protected":false},"author":1,"featured_media":0,"parent":0,"menu_order":0,"comment_status":"closed","ping_status":"closed","template":"","meta":{"om_disable_all_campaigns":false,"_monsterinsights_skip_tracking":false,"_monsterinsights_sitenote_active":false,"_monsterinsights_sitenote_note":"","_monsterinsights_sitenote_category":0,"footnotes":""},"class_list":["post-704","page","type-page","status-publish","hentry"],"aioseo_notices":[],"_links":{"self":[{"href":"https:\/\/sitia-geopark.gr\/index.php?rest_route=\/wp\/v2\/pages\/704","targetHints":{"allow":["GET"]}}],"collection":[{"href":"https:\/\/sitia-geopark.gr\/index.php?rest_route=\/wp\/v2\/pages"}],"about":[{"href":"https:\/\/sitia-geopark.gr\/index.php?rest_route=\/wp\/v2\/types\/page"}],"author":[{"embeddable":true,"href":"https:\/\/sitia-geopark.gr\/index.php?rest_route=\/wp\/v2\/users\/1"}],"replies":[{"embeddable":true,"href":"https:\/\/sitia-geopark.gr\/index.php?rest_route=%2Fwp%2Fv2%2Fcomments&post=704"}],"version-history":[{"count":26,"href":"https:\/\/sitia-geopark.gr\/index.php?rest_route=\/wp\/v2\/pages\/704\/revisions"}],"predecessor-version":[{"id":5767,"href":"https:\/\/sitia-geopark.gr\/index.php?rest_route=\/wp\/v2\/pages\/704\/revisions\/5767"}],"wp:attachment":[{"href":"https:\/\/sitia-geopark.gr\/index.php?rest_route=%2Fwp%2Fv2%2Fmedia&parent=704"}],"curies":[{"name":"wp","href":"https:\/\/api.w.org\/{rel}","templated":true}]}}